{"id":13,"date":"2014-09-01T21:13:56","date_gmt":"2014-09-01T19:13:56","guid":{"rendered":"http:\/\/dev.psychotherapy-otto.com\/?page_id=13"},"modified":"2024-06-02T21:15:10","modified_gmt":"2024-06-02T19:15:10","slug":"beratung-psychotherapie","status":"publish","type":"page","link":"https:\/\/www.dev.psychotherapy-otto.com\/de\/","title":{"rendered":"Startseite"},"content":{"rendered":"<p>Herzlich Willkommen auf meiner Homepage.<\/p>\n<h4>Haben Sie Interesse an Selbsterfahrung?<br \/>\nHaben Sie Beschwerden bzw. Beeintr\u00e4chtigungen, die sie ver\u00e4ndern wollen?<\/h4>\n<h4>Ich biete Ihnen eine Behandlung im Einzel- oder Gruppensetting an. Wenn Sie Stress abbauen m\u00f6chten, k\u00f6nnen Sie einen Kurs im Autogenen Training belegen und lernen eine effektive Entspannungsmethode.<strong><br \/>\n<\/strong><\/h4>\n<p>Die Behandlung ist in englisch und deutsch m\u00f6glich.<\/p>\n<p>&nbsp;<\/p>\n<p>&nbsp;<\/p>\n","protected":false},"excerpt":{"rendered":"<p>Herzlich Willkommen auf meiner Homepage. Haben Sie Interesse an Selbsterfahrung? Haben Sie Beschwerden bzw. Beeintr\u00e4chtigungen, die sie ver\u00e4ndern wollen? Ich biete Ihnen eine Behandlung im Einzel- oder Gruppensetting an. Wenn Sie Stress abbauen m\u00f6chten, k\u00f6nnen Sie einen Kurs im Autogenen Training belegen und lernen eine effektive Entspannungsmethode. Die Behandlung ist in englisch und deutsch m\u00f6glich. [&hellip;]<\/p>\n","protected":false},"author":1,"featured_media":438,"parent":0,"menu_order":1,"comment_status":"closed","ping_status":"closed","template":"","meta":[],"yoast_head":"<!-- This site is optimized with the Yoast SEO plugin v19.3 - https:\/\/yoast.com\/wordpress\/plugins\/seo\/ -->\n<title>Startseite - Dipl.-Psych. Claudia Otto<\/title>\n<meta name=\"robots\" content=\"index, follow, max-snippet:-1, max-image-preview:large, max-video-preview:-1\" \/>\n<link rel=\"canonical\" href=\"http:\/\/psychotherapy-otto.com\/de\/\" \/>\n<meta property=\"og:locale\" content=\"de_DE\" \/>\n<meta property=\"og:type\" content=\"article\" \/>\n<meta property=\"og:title\" content=\"Startseite - Dipl.-Psych. Claudia Otto\" \/>\n<meta property=\"og:description\" content=\"Herzlich Willkommen auf meiner Homepage. Haben Sie Interesse an Selbsterfahrung? Haben Sie Beschwerden bzw. Beeintr\u00e4chtigungen, die sie ver\u00e4ndern wollen? Ich biete Ihnen eine Behandlung im Einzel- oder Gruppensetting an. Wenn Sie Stress abbauen m\u00f6chten, k\u00f6nnen Sie einen Kurs im Autogenen Training belegen und lernen eine effektive Entspannungsmethode. Die Behandlung ist in englisch und deutsch m\u00f6glich. [&hellip;]\" \/>\n<meta property=\"og:url\" content=\"http:\/\/psychotherapy-otto.com\/de\/\" \/>\n<meta property=\"og:site_name\" content=\"Dipl.-Psych. Claudia Otto\" \/>\n<meta property=\"article:modified_time\" content=\"2024-06-02T19:15:10+00:00\" \/>\n<meta property=\"og:image\" content=\"http:\/\/psychotherapy-otto.com\/de\/wp-content\/uploads\/2024\/06\/Zypressen-scaled.jpg\" \/>\n\t<meta property=\"og:image:width\" content=\"1920\" \/>\n\t<meta property=\"og:image:height\" content=\"2560\" \/>\n\t<meta property=\"og:image:type\" content=\"image\/jpeg\" \/>\n<meta name=\"twitter:card\" content=\"summary_large_image\" \/>\n<meta name=\"twitter:label1\" content=\"Gesch\u00e4tzte Lesezeit\" \/>\n\t<meta name=\"twitter:data1\" content=\"1\u00a0Minute\" \/>\n<script type=\"application\/ld+json\" class=\"yoast-schema-graph\">{\"@context\":\"https:\/\/schema.org\",\"@graph\":[{\"@type\":\"WebSite\",\"@id\":\"http:\/\/psychotherapy-otto.com\/de\/#website\",\"url\":\"http:\/\/psychotherapy-otto.com\/de\/\",\"name\":\"Dipl.-Psych. Claudia Otto\",\"description\":\"Psychologische Psychotherapeutin &amp; Psychodrama-Therapeutin\",\"potentialAction\":[{\"@type\":\"SearchAction\",\"target\":{\"@type\":\"EntryPoint\",\"urlTemplate\":\"http:\/\/psychotherapy-otto.com\/de\/?s={search_term_string}\"},\"query-input\":\"required name=search_term_string\"}],\"inLanguage\":\"de\"},{\"@type\":\"ImageObject\",\"inLanguage\":\"de\",\"@id\":\"http:\/\/psychotherapy-otto.com\/de\/#primaryimage\",\"url\":\"https:\/\/www.dev.psychotherapy-otto.com\/de\/wp-content\/uploads\/2024\/06\/Zypressen-scaled.jpg\",\"contentUrl\":\"https:\/\/www.dev.psychotherapy-otto.com\/de\/wp-content\/uploads\/2024\/06\/Zypressen-scaled.jpg\",\"width\":1920,\"height\":2560},{\"@type\":\"WebPage\",\"@id\":\"http:\/\/psychotherapy-otto.com\/de\/\",\"url\":\"http:\/\/psychotherapy-otto.com\/de\/\",\"name\":\"Startseite - Dipl.-Psych. Claudia Otto\",\"isPartOf\":{\"@id\":\"http:\/\/psychotherapy-otto.com\/de\/#website\"},\"primaryImageOfPage\":{\"@id\":\"http:\/\/psychotherapy-otto.com\/de\/#primaryimage\"},\"datePublished\":\"2014-09-01T19:13:56+00:00\",\"dateModified\":\"2024-06-02T19:15:10+00:00\",\"breadcrumb\":{\"@id\":\"http:\/\/psychotherapy-otto.com\/de\/#breadcrumb\"},\"inLanguage\":\"de\",\"potentialAction\":[{\"@type\":\"ReadAction\",\"target\":[\"http:\/\/psychotherapy-otto.com\/de\/\"]}]},{\"@type\":\"BreadcrumbList\",\"@id\":\"http:\/\/psychotherapy-otto.com\/de\/#breadcrumb\",\"itemListElement\":[{\"@type\":\"ListItem\",\"position\":1,\"name\":\"Startseite\",\"item\":\"http:\/\/psychotherapy-otto.com\/de\/\"},{\"@type\":\"ListItem\",\"position\":2,\"name\":\"Startseite\"}]}]}<\/script>\n<!-- \/ Yoast SEO plugin. -->","yoast_head_json":{"title":"Startseite - Dipl.-Psych. Claudia Otto","robots":{"index":"index","follow":"follow","max-snippet":"max-snippet:-1","max-image-preview":"max-image-preview:large","max-video-preview":"max-video-preview:-1"},"canonical":"http:\/\/psychotherapy-otto.com\/de\/","og_locale":"de_DE","og_type":"article","og_title":"Startseite - Dipl.-Psych. Claudia Otto","og_description":"Herzlich Willkommen auf meiner Homepage. Haben Sie Interesse an Selbsterfahrung? Haben Sie Beschwerden bzw. Beeintr\u00e4chtigungen, die sie ver\u00e4ndern wollen? Ich biete Ihnen eine Behandlung im Einzel- oder Gruppensetting an. Wenn Sie Stress abbauen m\u00f6chten, k\u00f6nnen Sie einen Kurs im Autogenen Training belegen und lernen eine effektive Entspannungsmethode. Die Behandlung ist in englisch und deutsch m\u00f6glich. [&hellip;]","og_url":"http:\/\/psychotherapy-otto.com\/de\/","og_site_name":"Dipl.-Psych. Claudia Otto","article_modified_time":"2024-06-02T19:15:10+00:00","og_image":[{"width":1920,"height":2560,"url":"http:\/\/psychotherapy-otto.com\/de\/wp-content\/uploads\/2024\/06\/Zypressen-scaled.jpg","type":"image\/jpeg"}],"twitter_card":"summary_large_image","twitter_misc":{"Gesch\u00e4tzte Lesezeit":"1\u00a0Minute"},"schema":{"@context":"https:\/\/schema.org","@graph":[{"@type":"WebSite","@id":"http:\/\/psychotherapy-otto.com\/de\/#website","url":"http:\/\/psychotherapy-otto.com\/de\/","name":"Dipl.-Psych. Claudia Otto","description":"Psychologische Psychotherapeutin &amp; Psychodrama-Therapeutin","potentialAction":[{"@type":"SearchAction","target":{"@type":"EntryPoint","urlTemplate":"http:\/\/psychotherapy-otto.com\/de\/?s={search_term_string}"},"query-input":"required name=search_term_string"}],"inLanguage":"de"},{"@type":"ImageObject","inLanguage":"de","@id":"http:\/\/psychotherapy-otto.com\/de\/#primaryimage","url":"https:\/\/www.dev.psychotherapy-otto.com\/de\/wp-content\/uploads\/2024\/06\/Zypressen-scaled.jpg","contentUrl":"https:\/\/www.dev.psychotherapy-otto.com\/de\/wp-content\/uploads\/2024\/06\/Zypressen-scaled.jpg","width":1920,"height":2560},{"@type":"WebPage","@id":"http:\/\/psychotherapy-otto.com\/de\/","url":"http:\/\/psychotherapy-otto.com\/de\/","name":"Startseite - Dipl.-Psych. Claudia Otto","isPartOf":{"@id":"http:\/\/psychotherapy-otto.com\/de\/#website"},"primaryImageOfPage":{"@id":"http:\/\/psychotherapy-otto.com\/de\/#primaryimage"},"datePublished":"2014-09-01T19:13:56+00:00","dateModified":"2024-06-02T19:15:10+00:00","breadcrumb":{"@id":"http:\/\/psychotherapy-otto.com\/de\/#breadcrumb"},"inLanguage":"de","potentialAction":[{"@type":"ReadAction","target":["http:\/\/psychotherapy-otto.com\/de\/"]}]},{"@type":"BreadcrumbList","@id":"http:\/\/psychotherapy-otto.com\/de\/#breadcrumb","itemListElement":[{"@type":"ListItem","position":1,"name":"Startseite","item":"http:\/\/psychotherapy-otto.com\/de\/"},{"@type":"ListItem","position":2,"name":"Startseite"}]}]}},"_links":{"self":[{"href":"https:\/\/www.dev.psychotherapy-otto.com\/de\/wp-json\/wp\/v2\/pages\/13"}],"collection":[{"href":"https:\/\/www.dev.psychotherapy-otto.com\/de\/wp-json\/wp\/v2\/pages"}],"about":[{"href":"https:\/\/www.dev.psychotherapy-otto.com\/de\/wp-json\/wp\/v2\/types\/page"}],"author":[{"embeddable":true,"href":"https:\/\/www.dev.psychotherapy-otto.com\/de\/wp-json\/wp\/v2\/users\/1"}],"replies":[{"embeddable":true,"href":"https:\/\/www.dev.psychotherapy-otto.com\/de\/wp-json\/wp\/v2\/comments?post=13"}],"version-history":[{"count":14,"href":"https:\/\/www.dev.psychotherapy-otto.com\/de\/wp-json\/wp\/v2\/pages\/13\/revisions"}],"predecessor-version":[{"id":321,"href":"https:\/\/www.dev.psychotherapy-otto.com\/de\/wp-json\/wp\/v2\/pages\/13\/revisions\/321"}],"wp:featuredmedia":[{"embeddable":true,"href":"https:\/\/www.dev.psychotherapy-otto.com\/de\/wp-json\/wp\/v2\/media\/438"}],"wp:attachment":[{"href":"https:\/\/www.dev.psychotherapy-otto.com\/de\/wp-json\/wp\/v2\/media?parent=13"}],"curies":[{"name":"wp","href":"https:\/\/api.w.org\/{rel}","templated":true}]}}