{"id":20,"date":"2014-09-01T21:18:41","date_gmt":"2014-09-01T19:18:41","guid":{"rendered":"http:\/\/dev.psychotherapy-otto.com\/?page_id=20"},"modified":"2023-03-28T21:18:18","modified_gmt":"2023-03-28T19:18:18","slug":"gruppentherapie","status":"publish","type":"page","link":"https:\/\/www.dev.psychotherapy-otto.com\/de\/gruppentherapie\/","title":{"rendered":"Gruppentherapie"},"content":{"rendered":"<p>Sie sind interessiert, sich mit Ihrer Person und Ihrer Lebenssituation auseinanderzusetzen. Sie m\u00f6chten sich ver\u00e4ndern oder Ihre inneren Konflikte in einer Gruppe thematisieren. Sie sind neugierig und m\u00f6chten neue Verhaltensweisen und andere Rollen ausprobieren, einen Perspektivenwechsel einnehmen oder R\u00fcckmeldung \u00fcber ihr Verhalten erhalten. Dann sind Sie herzlich in der ambulanten Gruppentherapie, die einmal pro Woche stattfindet, eingeladen.<\/p>\n<p>In der Gruppen sind <strong>3 bis 9 Teilnehmer<\/strong>. Ambulante Gruppentherapie (tiefenpsychologisch orientiert) ist eine\u00a0 Leistung der Krankenkassen.<\/p>\n<p><strong>Freie Pl\u00e4tze<\/strong> in folgenden Gruppen:<\/p>\n<p><strong>\u00a0\u00a0\u00a0\u00a0\u00a0\u00a0\u00a0\u00a0\u00a0\u00a0\u00a0\u00a0\u00a0\u00a0\u00a0\u00a0\u00a0\u00a0\u00a0\u00a0\u00a0\u00a0\u00a0\u00a0\u00a0\u00a0\u00a0\u00a0\u00a0 Dienstag\u00a0\u00a0\u00a0\u00a0\u00a0\u00a0\u00a0\u00a0\u00a0 <\/strong><strong>17.00-18.40 Uhr<\/strong><\/p>\n<p><b>\u00a0\u00a0\u00a0\u00a0\u00a0\u00a0\u00a0\u00a0\u00a0\u00a0\u00a0\u00a0\u00a0\u00a0\u00a0\u00a0\u00a0\u00a0\u00a0\u00a0\u00a0\u00a0\u00a0\u00a0\u00a0\u00a0\u00a0\u00a0\u00a0 Donnerstag\u00a0\u00a0\u00a0\u00a0 8.30 -10.10 Uhr<\/b> und<b> 18.00-19.40 Uhr<\/b><br \/>\n<b>\u00a0<\/b><\/p>\n<p>Bei Interesse melden Sie sich bitte telefonisch an. Zur Abkl\u00e4rung einer Teilnahme vereinbaren wir 3 &#8211; 5 Einzelgespr\u00e4che, in denen folgende Inhalte besprochen werden: Kennenlernen und Anamnese, Festlegen Ihrer Therapieziele sowie Aufkl\u00e4rung zu Gruppenwirkfaktoren und Gruppenregeln.<\/p>\n","protected":false},"excerpt":{"rendered":"<p>Sie sind interessiert, sich mit Ihrer Person und Ihrer Lebenssituation auseinanderzusetzen. Sie m\u00f6chten sich ver\u00e4ndern oder Ihre inneren Konflikte in einer Gruppe thematisieren. Sie sind neugierig und m\u00f6chten neue Verhaltensweisen und andere Rollen ausprobieren, einen Perspektivenwechsel einnehmen oder R\u00fcckmeldung \u00fcber ihr Verhalten erhalten. Dann sind Sie herzlich in der ambulanten Gruppentherapie, die einmal pro Woche [&hellip;]<\/p>\n","protected":false},"author":1,"featured_media":326,"parent":0,"menu_order":5,"comment_status":"closed","ping_status":"closed","template":"","meta":[],"yoast_head":"<!-- This site is optimized with the Yoast SEO plugin v19.3 - https:\/\/yoast.com\/wordpress\/plugins\/seo\/ -->\n<title>Gruppentherapie - Dipl.-Psych. Claudia Otto<\/title>\n<meta name=\"robots\" content=\"index, follow, max-snippet:-1, max-image-preview:large, max-video-preview:-1\" \/>\n<link rel=\"canonical\" href=\"http:\/\/www.psychotherapy-otto.com\/de\/gruppentherapie\/\" \/>\n<meta property=\"og:locale\" content=\"de_DE\" \/>\n<meta property=\"og:type\" content=\"article\" \/>\n<meta property=\"og:title\" content=\"Gruppentherapie - Dipl.-Psych. Claudia Otto\" \/>\n<meta property=\"og:description\" content=\"Sie sind interessiert, sich mit Ihrer Person und Ihrer Lebenssituation auseinanderzusetzen. Sie m\u00f6chten sich ver\u00e4ndern oder Ihre inneren Konflikte in einer Gruppe thematisieren. Sie sind neugierig und m\u00f6chten neue Verhaltensweisen und andere Rollen ausprobieren, einen Perspektivenwechsel einnehmen oder R\u00fcckmeldung \u00fcber ihr Verhalten erhalten. Dann sind Sie herzlich in der ambulanten Gruppentherapie, die einmal pro Woche [&hellip;]\" \/>\n<meta property=\"og:url\" content=\"http:\/\/www.psychotherapy-otto.com\/de\/gruppentherapie\/\" \/>\n<meta property=\"og:site_name\" content=\"Dipl.-Psych. Claudia Otto\" \/>\n<meta property=\"article:modified_time\" content=\"2023-03-28T19:18:18+00:00\" \/>\n<meta property=\"og:image\" content=\"http:\/\/www.psychotherapy-otto.com\/de\/wp-content\/uploads\/2014\/09\/IMG_20220519_104529-e1652992732780.jpg\" \/>\n\t<meta property=\"og:image:width\" content=\"1600\" \/>\n\t<meta property=\"og:image:height\" content=\"500\" \/>\n\t<meta property=\"og:image:type\" content=\"image\/jpeg\" \/>\n<meta name=\"twitter:card\" content=\"summary_large_image\" \/>\n<meta name=\"twitter:label1\" content=\"Gesch\u00e4tzte Lesezeit\" \/>\n\t<meta name=\"twitter:data1\" content=\"1\u00a0Minute\" \/>\n<script type=\"application\/ld+json\" class=\"yoast-schema-graph\">{\"@context\":\"https:\/\/schema.org\",\"@graph\":[{\"@type\":\"WebSite\",\"@id\":\"http:\/\/mail.psychotherapy-otto.com\/de\/#website\",\"url\":\"http:\/\/mail.psychotherapy-otto.com\/de\/\",\"name\":\"Dipl.-Psych. Claudia Otto\",\"description\":\"Psychologische Psychotherapeutin &amp; Psychodrama-Therapeutin\",\"potentialAction\":[{\"@type\":\"SearchAction\",\"target\":{\"@type\":\"EntryPoint\",\"urlTemplate\":\"http:\/\/mail.psychotherapy-otto.com\/de\/?s={search_term_string}\"},\"query-input\":\"required name=search_term_string\"}],\"inLanguage\":\"de\"},{\"@type\":\"ImageObject\",\"inLanguage\":\"de\",\"@id\":\"http:\/\/www.psychotherapy-otto.com\/de\/gruppentherapie\/#primaryimage\",\"url\":\"https:\/\/www.dev.psychotherapy-otto.com\/de\/wp-content\/uploads\/2014\/09\/IMG_20220519_104529-e1652992732780.jpg\",\"contentUrl\":\"https:\/\/www.dev.psychotherapy-otto.com\/de\/wp-content\/uploads\/2014\/09\/IMG_20220519_104529-e1652992732780.jpg\",\"width\":1600,\"height\":500},{\"@type\":\"WebPage\",\"@id\":\"http:\/\/www.psychotherapy-otto.com\/de\/gruppentherapie\/\",\"url\":\"http:\/\/www.psychotherapy-otto.com\/de\/gruppentherapie\/\",\"name\":\"Gruppentherapie - Dipl.-Psych. Claudia Otto\",\"isPartOf\":{\"@id\":\"http:\/\/mail.psychotherapy-otto.com\/de\/#website\"},\"primaryImageOfPage\":{\"@id\":\"http:\/\/www.psychotherapy-otto.com\/de\/gruppentherapie\/#primaryimage\"},\"datePublished\":\"2014-09-01T19:18:41+00:00\",\"dateModified\":\"2023-03-28T19:18:18+00:00\",\"breadcrumb\":{\"@id\":\"http:\/\/www.psychotherapy-otto.com\/de\/gruppentherapie\/#breadcrumb\"},\"inLanguage\":\"de\",\"potentialAction\":[{\"@type\":\"ReadAction\",\"target\":[\"http:\/\/www.psychotherapy-otto.com\/de\/gruppentherapie\/\"]}]},{\"@type\":\"BreadcrumbList\",\"@id\":\"http:\/\/www.psychotherapy-otto.com\/de\/gruppentherapie\/#breadcrumb\",\"itemListElement\":[{\"@type\":\"ListItem\",\"position\":1,\"name\":\"Startseite\",\"item\":\"http:\/\/mail.psychotherapy-otto.com\/de\/\"},{\"@type\":\"ListItem\",\"position\":2,\"name\":\"Gruppentherapie\"}]}]}<\/script>\n<!-- \/ Yoast SEO plugin. -->","yoast_head_json":{"title":"Gruppentherapie - Dipl.-Psych. Claudia Otto","robots":{"index":"index","follow":"follow","max-snippet":"max-snippet:-1","max-image-preview":"max-image-preview:large","max-video-preview":"max-video-preview:-1"},"canonical":"http:\/\/www.psychotherapy-otto.com\/de\/gruppentherapie\/","og_locale":"de_DE","og_type":"article","og_title":"Gruppentherapie - Dipl.-Psych. Claudia Otto","og_description":"Sie sind interessiert, sich mit Ihrer Person und Ihrer Lebenssituation auseinanderzusetzen. Sie m\u00f6chten sich ver\u00e4ndern oder Ihre inneren Konflikte in einer Gruppe thematisieren. Sie sind neugierig und m\u00f6chten neue Verhaltensweisen und andere Rollen ausprobieren, einen Perspektivenwechsel einnehmen oder R\u00fcckmeldung \u00fcber ihr Verhalten erhalten. Dann sind Sie herzlich in der ambulanten Gruppentherapie, die einmal pro Woche [&hellip;]","og_url":"http:\/\/www.psychotherapy-otto.com\/de\/gruppentherapie\/","og_site_name":"Dipl.-Psych. Claudia Otto","article_modified_time":"2023-03-28T19:18:18+00:00","og_image":[{"width":1600,"height":500,"url":"http:\/\/www.psychotherapy-otto.com\/de\/wp-content\/uploads\/2014\/09\/IMG_20220519_104529-e1652992732780.jpg","type":"image\/jpeg"}],"twitter_card":"summary_large_image","twitter_misc":{"Gesch\u00e4tzte Lesezeit":"1\u00a0Minute"},"schema":{"@context":"https:\/\/schema.org","@graph":[{"@type":"WebSite","@id":"http:\/\/mail.psychotherapy-otto.com\/de\/#website","url":"http:\/\/mail.psychotherapy-otto.com\/de\/","name":"Dipl.-Psych. Claudia Otto","description":"Psychologische Psychotherapeutin &amp; Psychodrama-Therapeutin","potentialAction":[{"@type":"SearchAction","target":{"@type":"EntryPoint","urlTemplate":"http:\/\/mail.psychotherapy-otto.com\/de\/?s={search_term_string}"},"query-input":"required name=search_term_string"}],"inLanguage":"de"},{"@type":"ImageObject","inLanguage":"de","@id":"http:\/\/www.psychotherapy-otto.com\/de\/gruppentherapie\/#primaryimage","url":"https:\/\/www.dev.psychotherapy-otto.com\/de\/wp-content\/uploads\/2014\/09\/IMG_20220519_104529-e1652992732780.jpg","contentUrl":"https:\/\/www.dev.psychotherapy-otto.com\/de\/wp-content\/uploads\/2014\/09\/IMG_20220519_104529-e1652992732780.jpg","width":1600,"height":500},{"@type":"WebPage","@id":"http:\/\/www.psychotherapy-otto.com\/de\/gruppentherapie\/","url":"http:\/\/www.psychotherapy-otto.com\/de\/gruppentherapie\/","name":"Gruppentherapie - Dipl.-Psych. Claudia Otto","isPartOf":{"@id":"http:\/\/mail.psychotherapy-otto.com\/de\/#website"},"primaryImageOfPage":{"@id":"http:\/\/www.psychotherapy-otto.com\/de\/gruppentherapie\/#primaryimage"},"datePublished":"2014-09-01T19:18:41+00:00","dateModified":"2023-03-28T19:18:18+00:00","breadcrumb":{"@id":"http:\/\/www.psychotherapy-otto.com\/de\/gruppentherapie\/#breadcrumb"},"inLanguage":"de","potentialAction":[{"@type":"ReadAction","target":["http:\/\/www.psychotherapy-otto.com\/de\/gruppentherapie\/"]}]},{"@type":"BreadcrumbList","@id":"http:\/\/www.psychotherapy-otto.com\/de\/gruppentherapie\/#breadcrumb","itemListElement":[{"@type":"ListItem","position":1,"name":"Startseite","item":"http:\/\/mail.psychotherapy-otto.com\/de\/"},{"@type":"ListItem","position":2,"name":"Gruppentherapie"}]}]}},"_links":{"self":[{"href":"https:\/\/www.dev.psychotherapy-otto.com\/de\/wp-json\/wp\/v2\/pages\/20"}],"collection":[{"href":"https:\/\/www.dev.psychotherapy-otto.com\/de\/wp-json\/wp\/v2\/pages"}],"about":[{"href":"https:\/\/www.dev.psychotherapy-otto.com\/de\/wp-json\/wp\/v2\/types\/page"}],"author":[{"embeddable":true,"href":"https:\/\/www.dev.psychotherapy-otto.com\/de\/wp-json\/wp\/v2\/users\/1"}],"replies":[{"embeddable":true,"href":"https:\/\/www.dev.psychotherapy-otto.com\/de\/wp-json\/wp\/v2\/comments?post=20"}],"version-history":[{"count":19,"href":"https:\/\/www.dev.psychotherapy-otto.com\/de\/wp-json\/wp\/v2\/pages\/20\/revisions"}],"predecessor-version":[{"id":389,"href":"https:\/\/www.dev.psychotherapy-otto.com\/de\/wp-json\/wp\/v2\/pages\/20\/revisions\/389"}],"wp:featuredmedia":[{"embeddable":true,"href":"https:\/\/www.dev.psychotherapy-otto.com\/de\/wp-json\/wp\/v2\/media\/326"}],"wp:attachment":[{"href":"https:\/\/www.dev.psychotherapy-otto.com\/de\/wp-json\/wp\/v2\/media?parent=20"}],"curies":[{"name":"wp","href":"https:\/\/api.w.org\/{rel}","templated":true}]}}