{"id":227,"date":"2018-05-17T22:47:16","date_gmt":"2018-05-17T20:47:16","guid":{"rendered":"https:\/\/psychotherapie-otto.com\/?page_id=227"},"modified":"2022-07-24T20:35:44","modified_gmt":"2022-07-24T18:35:44","slug":"datenschutz","status":"publish","type":"page","link":"https:\/\/www.dev.psychotherapy-otto.com\/de\/kontakt\/datenschutz\/","title":{"rendered":"Datenschutz"},"content":{"rendered":"<h2>1. Welche personenbezogenen Daten werden erhoben?<\/h2>\n<p>Es werden personenbezogene Daten nur dann erhoben und genutzt, wenn ein gesetzlicher Grund f\u00fcr die Erhebung und Nutzung vorliegt. Wir erheben und verwenden personenbezogene Daten nur, soweit dies zur Bereitstellung einer funktionsf\u00e4higen Webseite sowie unserer Inhalte und Leistungen erforderlich ist.<\/p>\n<p>Als personenbezogene Daten gelten s\u00e4mtliche Informationen, die dazu dienen, einen R\u00fcckschluss auf Ihre Person zuzulassen (z.B. Vor- und Nachname, E-Mail-Adresse, Telefonnummer).<br \/>\nDie von Ihnen eingegebenen Daten dienen alleine der Kontaktaufnahme und werden gel\u00f6scht, sobald sie f\u00fcr die Erreichung des Zweckes ihrer Erhebung nicht mehr erforderlich sind. Im Online-Formular weisen wir Sie nochmals auf den Zweck der Datenerhebung und auf diese Datenschutzerkl\u00e4rung hin.<\/p>\n<h2>2. Welche Informationen werden noch erfasst?<\/h2>\n<p>Beim Aufruf der Webseite wird Ihre IP-Adresse mit dem Zeitpunkt und Inhalt Ihres Abrufs einschlie\u00dflich der u\u00fcertragenen Datenmenge und der Meldung, ob der Abruf erfolgreich war, erfasst. Die vor\u00fcbergehende Speicherung der IP-Adresse erfolgt, um die Funktionsf\u00e4higkeit der Webseite sicherzustellen. Diese Daten werden nach Ende des Zugriffs auf die Webseite gel\u00f6scht, weil mit der Erreichung des Zweckes die Erhebung nicht mehr erforderlich ist.<\/p>\n<h2>3. Auf welche Weise werden Daten erfasst?<\/h2>\n<p>Die Daten, die bei jedem Zugriff der Seite erhoben werden, werden automatisch protokolliert; ansonsten nur aufgrund Ihrer Eingabe durch einen tempor\u00e4ren Cookie.<\/p>\n<h2>4. Wof\u00fcr werden die Daten genutzt?<\/h2>\n<p>Die Daten werden ausschlie\u00dflich zur Bereitstellung, Optimierung und Sicherheit des Internetangebots genutzt. Mit Ihrer Einwilligung werden Ihre Daten nur zur Entgegennahme Ihrer Mitteilung (z.B. bei der Terminbuchung) genutzt.<\/p>\n<h2>5. Die Daten werden nicht genutzt&#8230;<\/h2>\n<p>Zur Profilbildung, zu Werbezwecken und werden nicht an Dritte weitergegeben.<\/p>\n<h2>6. Ihre Rechte<\/h2>\n<p>Auskunft, L\u00f6schung, Berichtigung, Widerspruch. Ihre Rechte k\u00f6nnen Sie schriftlich oder per E-Mail gegen\u00fcber der unter Kontakt genannten Stelle geltend machen.<br \/>\nUngeachtet dessen haben Sie das Recht auf Beschwerde bei einer Aufsichtsbeh\u00f6rde ihres Aufenthaltsorts, ihres Arbeitsplatzes oder des Orts der mutma\u00dflichen Datenschutzverletzung, wenn Sie der Ansicht sind, dass die Verarbeitung der Sie betreffenden personenbezogenen Daten gegen die Datenschutzgrundverordnung verst\u00f6\u00dft.<\/p>\n<h2>7. Verwendung von Cookies<\/h2>\n<p class=\"title\">\r\n            <div class=\"pea_cook_control\" style=\"color:#ffffff; background-color: rgba(0,0,0,0.9);\">\r\n                Cookies sind deaktiviert<br>Cookies akzeptieren, indem du auf \"Akzeptieren\" im Banner klickst.\r\n            <\/div><\/p>\n<p>In bestimmten F\u00e4llen werden Cookies verwendet. Ruft ein Nutzer eine Webseite auf, kann ein Cookie auf dem Betriebssystem des Nutzers gespeichert werden, die beim erneuten Aufruf der Webseite eine eindeutige Identifizierung erm\u00f6glicht. Cookies enthalten allerdings keine personenbezogenen Daten und werden nach Ablauf der Sitzung automatisch gel\u00f6scht. Im Fall einer Verlinkung k\u00f6nnen Cookies von Drittanbietern zum Einsatz kommen, ohne dass wir Sie darauf ausdr\u00fccklich hinweisen k\u00f6nnen.<\/p>\n<p>Die g\u00e4ngigen Browser erlauben es, die Verarbeitung solcher Cookies festzulegen, so dass Sie das Speichern dieser Cookies in Ihrem Internetbrowser deaktivieren bzw. die Art der Verarbeitung durch Ihren Browser einstellen ko\u0308nnen. Bei der Deaktivierung ist nicht gew\u00e4hrleistet, dass Sie auf alle Funktionen dieser Webseite ohne Einschr\u00e4nkungen zugreifen k\u00f6nnen.<\/p>\n<h2>8. Hinweis auf Verschl\u00fcsselung<\/h2>\n<p>Dieses Angebot unterst\u00fctzt gegenw\u00e4rtig keine Datenverschl\u00fcsselung. Bei der \u00dcbertragung Ihrer Daten im Internet besteht daher die M\u00f6glichkeit, dass diese durch Unbefugte zur Kenntnis genommen oder ver\u00e4ndert werden k\u00f6nnen.<\/p>\n","protected":false},"excerpt":{"rendered":"<p>1. Welche personenbezogenen Daten werden erhoben? Es werden personenbezogene Daten nur dann erhoben und genutzt, wenn ein gesetzlicher Grund f\u00fcr die Erhebung und Nutzung vorliegt. Wir erheben und verwenden personenbezogene Daten nur, soweit dies zur Bereitstellung einer funktionsf\u00e4higen Webseite sowie unserer Inhalte und Leistungen erforderlich ist. Als personenbezogene Daten gelten s\u00e4mtliche Informationen, die dazu dienen, [&hellip;]<\/p>\n","protected":false},"author":1,"featured_media":0,"parent":29,"menu_order":2,"comment_status":"closed","ping_status":"closed","template":"","meta":[],"yoast_head":"<!-- This site is optimized with the Yoast SEO plugin v19.3 - https:\/\/yoast.com\/wordpress\/plugins\/seo\/ -->\n<title>Datenschutz - Dipl.-Psych. Claudia Otto<\/title>\n<meta name=\"robots\" content=\"index, follow, max-snippet:-1, max-image-preview:large, max-video-preview:-1\" \/>\n<link rel=\"canonical\" href=\"http:\/\/psychotherapy-otto.com\/de\/kontakt\/datenschutz\/\" \/>\n<meta property=\"og:locale\" content=\"de_DE\" \/>\n<meta property=\"og:type\" content=\"article\" \/>\n<meta property=\"og:title\" content=\"Datenschutz - Dipl.-Psych. Claudia Otto\" \/>\n<meta property=\"og:description\" content=\"1. Welche personenbezogenen Daten werden erhoben? Es werden personenbezogene Daten nur dann erhoben und genutzt, wenn ein gesetzlicher Grund f\u00fcr die Erhebung und Nutzung vorliegt. Wir erheben und verwenden personenbezogene Daten nur, soweit dies zur Bereitstellung einer funktionsf\u00e4higen Webseite sowie unserer Inhalte und Leistungen erforderlich ist. Als personenbezogene Daten gelten s\u00e4mtliche Informationen, die dazu dienen, [&hellip;]\" \/>\n<meta property=\"og:url\" content=\"http:\/\/psychotherapy-otto.com\/de\/kontakt\/datenschutz\/\" \/>\n<meta property=\"og:site_name\" content=\"Dipl.-Psych. Claudia Otto\" \/>\n<meta property=\"article:modified_time\" content=\"2022-07-24T18:35:44+00:00\" \/>\n<meta name=\"twitter:card\" content=\"summary_large_image\" \/>\n<meta name=\"twitter:label1\" content=\"Gesch\u00e4tzte Lesezeit\" \/>\n\t<meta name=\"twitter:data1\" content=\"3\u00a0Minuten\" \/>\n<script type=\"application\/ld+json\" class=\"yoast-schema-graph\">{\"@context\":\"https:\/\/schema.org\",\"@graph\":[{\"@type\":\"WebSite\",\"@id\":\"http:\/\/mail.psychotherapy-otto.com\/de\/#website\",\"url\":\"http:\/\/mail.psychotherapy-otto.com\/de\/\",\"name\":\"Dipl.-Psych. Claudia Otto\",\"description\":\"Psychologische Psychotherapeutin &amp; Psychodrama-Therapeutin\",\"potentialAction\":[{\"@type\":\"SearchAction\",\"target\":{\"@type\":\"EntryPoint\",\"urlTemplate\":\"http:\/\/mail.psychotherapy-otto.com\/de\/?s={search_term_string}\"},\"query-input\":\"required name=search_term_string\"}],\"inLanguage\":\"de\"},{\"@type\":\"WebPage\",\"@id\":\"http:\/\/psychotherapy-otto.com\/de\/kontakt\/datenschutz\/\",\"url\":\"http:\/\/psychotherapy-otto.com\/de\/kontakt\/datenschutz\/\",\"name\":\"Datenschutz - Dipl.-Psych. Claudia Otto\",\"isPartOf\":{\"@id\":\"http:\/\/mail.psychotherapy-otto.com\/de\/#website\"},\"datePublished\":\"2018-05-17T20:47:16+00:00\",\"dateModified\":\"2022-07-24T18:35:44+00:00\",\"breadcrumb\":{\"@id\":\"http:\/\/psychotherapy-otto.com\/de\/kontakt\/datenschutz\/#breadcrumb\"},\"inLanguage\":\"de\",\"potentialAction\":[{\"@type\":\"ReadAction\",\"target\":[\"http:\/\/psychotherapy-otto.com\/de\/kontakt\/datenschutz\/\"]}]},{\"@type\":\"BreadcrumbList\",\"@id\":\"http:\/\/psychotherapy-otto.com\/de\/kontakt\/datenschutz\/#breadcrumb\",\"itemListElement\":[{\"@type\":\"ListItem\",\"position\":1,\"name\":\"Startseite\",\"item\":\"http:\/\/mail.psychotherapy-otto.com\/de\/\"},{\"@type\":\"ListItem\",\"position\":2,\"name\":\"Kontakt &#038; Termine\",\"item\":\"http:\/\/psychotherapy-otto.com\/de\/kontakt\/\"},{\"@type\":\"ListItem\",\"position\":3,\"name\":\"Datenschutz\"}]}]}<\/script>\n<!-- \/ Yoast SEO plugin. -->","yoast_head_json":{"title":"Datenschutz - Dipl.-Psych. Claudia Otto","robots":{"index":"index","follow":"follow","max-snippet":"max-snippet:-1","max-image-preview":"max-image-preview:large","max-video-preview":"max-video-preview:-1"},"canonical":"http:\/\/psychotherapy-otto.com\/de\/kontakt\/datenschutz\/","og_locale":"de_DE","og_type":"article","og_title":"Datenschutz - Dipl.-Psych. Claudia Otto","og_description":"1. Welche personenbezogenen Daten werden erhoben? Es werden personenbezogene Daten nur dann erhoben und genutzt, wenn ein gesetzlicher Grund f\u00fcr die Erhebung und Nutzung vorliegt. Wir erheben und verwenden personenbezogene Daten nur, soweit dies zur Bereitstellung einer funktionsf\u00e4higen Webseite sowie unserer Inhalte und Leistungen erforderlich ist. Als personenbezogene Daten gelten s\u00e4mtliche Informationen, die dazu dienen, [&hellip;]","og_url":"http:\/\/psychotherapy-otto.com\/de\/kontakt\/datenschutz\/","og_site_name":"Dipl.-Psych. Claudia Otto","article_modified_time":"2022-07-24T18:35:44+00:00","twitter_card":"summary_large_image","twitter_misc":{"Gesch\u00e4tzte Lesezeit":"3\u00a0Minuten"},"schema":{"@context":"https:\/\/schema.org","@graph":[{"@type":"WebSite","@id":"http:\/\/mail.psychotherapy-otto.com\/de\/#website","url":"http:\/\/mail.psychotherapy-otto.com\/de\/","name":"Dipl.-Psych. Claudia Otto","description":"Psychologische Psychotherapeutin &amp; Psychodrama-Therapeutin","potentialAction":[{"@type":"SearchAction","target":{"@type":"EntryPoint","urlTemplate":"http:\/\/mail.psychotherapy-otto.com\/de\/?s={search_term_string}"},"query-input":"required name=search_term_string"}],"inLanguage":"de"},{"@type":"WebPage","@id":"http:\/\/psychotherapy-otto.com\/de\/kontakt\/datenschutz\/","url":"http:\/\/psychotherapy-otto.com\/de\/kontakt\/datenschutz\/","name":"Datenschutz - Dipl.-Psych. Claudia Otto","isPartOf":{"@id":"http:\/\/mail.psychotherapy-otto.com\/de\/#website"},"datePublished":"2018-05-17T20:47:16+00:00","dateModified":"2022-07-24T18:35:44+00:00","breadcrumb":{"@id":"http:\/\/psychotherapy-otto.com\/de\/kontakt\/datenschutz\/#breadcrumb"},"inLanguage":"de","potentialAction":[{"@type":"ReadAction","target":["http:\/\/psychotherapy-otto.com\/de\/kontakt\/datenschutz\/"]}]},{"@type":"BreadcrumbList","@id":"http:\/\/psychotherapy-otto.com\/de\/kontakt\/datenschutz\/#breadcrumb","itemListElement":[{"@type":"ListItem","position":1,"name":"Startseite","item":"http:\/\/mail.psychotherapy-otto.com\/de\/"},{"@type":"ListItem","position":2,"name":"Kontakt &#038; Termine","item":"http:\/\/psychotherapy-otto.com\/de\/kontakt\/"},{"@type":"ListItem","position":3,"name":"Datenschutz"}]}]}},"_links":{"self":[{"href":"https:\/\/www.dev.psychotherapy-otto.com\/de\/wp-json\/wp\/v2\/pages\/227"}],"collection":[{"href":"https:\/\/www.dev.psychotherapy-otto.com\/de\/wp-json\/wp\/v2\/pages"}],"about":[{"href":"https:\/\/www.dev.psychotherapy-otto.com\/de\/wp-json\/wp\/v2\/types\/page"}],"author":[{"embeddable":true,"href":"https:\/\/www.dev.psychotherapy-otto.com\/de\/wp-json\/wp\/v2\/users\/1"}],"replies":[{"embeddable":true,"href":"https:\/\/www.dev.psychotherapy-otto.com\/de\/wp-json\/wp\/v2\/comments?post=227"}],"version-history":[{"count":6,"href":"https:\/\/www.dev.psychotherapy-otto.com\/de\/wp-json\/wp\/v2\/pages\/227\/revisions"}],"predecessor-version":[{"id":329,"href":"https:\/\/www.dev.psychotherapy-otto.com\/de\/wp-json\/wp\/v2\/pages\/227\/revisions\/329"}],"up":[{"embeddable":true,"href":"https:\/\/www.dev.psychotherapy-otto.com\/de\/wp-json\/wp\/v2\/pages\/29"}],"wp:attachment":[{"href":"https:\/\/www.dev.psychotherapy-otto.com\/de\/wp-json\/wp\/v2\/media?parent=227"}],"curies":[{"name":"wp","href":"https:\/\/api.w.org\/{rel}","templated":true}]}}