{"id":23,"date":"2014-09-01T21:29:53","date_gmt":"2014-09-01T19:29:53","guid":{"rendered":"http:\/\/dev.psychotherapy-otto.com\/?page_id=23"},"modified":"2024-10-13T20:44:02","modified_gmt":"2024-10-13T18:44:02","slug":"lebenslauf","status":"publish","type":"page","link":"https:\/\/www.dev.psychotherapy-otto.com\/de\/lebenslauf\/","title":{"rendered":"Lebenslauf"},"content":{"rendered":"<p>Ich bin 1976 in Jena (Th\u00fcringen) geboren.<\/p>\n<h3>Ausbildung<\/h3>\n<ul>\n<li>Grundstudium Diplom-Psychologie an der Friedrich-Schiller-Univerisit\u00e4t Jena<\/li>\n<li>Hauptstudium Diplom-Psychologie an der Universit\u00e4t Leipzig, Abschluss 2000 (Schwerpunktf\u00e4cher: P\u00e4dagogische und Klinische Psychologie)<\/li>\n<\/ul>\n<h3>Berufliche Erfahrungen<\/h3>\n<p>2000 &#8211; 2006\u00a0 Stationspsychologin, Klinik f\u00fcr Psychotherapie und Psychosomatische Medizin &#8222;Am Sch\u00f6nen Moos&#8220; in Bad Saulgau<\/p>\n<p>2008 &#8211; 2011 selbst\u00e4ndige Klinische Psychologin und Psychodrama-Therapeutin, Hong Kong\/China<\/p>\n<p>2012 bis 2013 Psychosomatische Ambulanz des Klinikums Rechts der Isar, M\u00fcnchen<\/p>\n<p>2014 &#8211; 2015 Psychiatrische Tagesklinik, F\u00fcrstenfeldbruck<\/p>\n<p>2016 &#8211; 2018 Dozentin f\u00fcr Psychologie an Berufsfachschule f\u00fcr Krankenpflege der Klinikum Freising GmbH<\/p>\n<p>Seit 2014 behandele ich Patient*innen ambulant, seit 3\/2017 in eigener Praxis, M\u00fcnchen<\/p>\n<p>2016-2021 Leiterin von PsyRena-Gruppen des DRV Bund<\/p>\n<p>Seit 2018 Weiterbildungsleiterin am &#8222;Moreno Institut Edenkoben\/\u00dcberlingen&#8220;<\/p>\n<p>Seit 2023 Selbsterfahrungsleiterin in der &#8222;Arbeitsgemeinschaft f\u00fcr tiefenpsychologisch fundierter Suchttherapie&#8220; (AGTPS)<\/p>\n<p>seit 2024 Supervisorin f\u00fcr Psychodrama<\/p>\n<h3>Weiterbildungen und Zusatzqualifikationen<\/h3>\n<ul>\n<li>2000 Trainerin f\u00fcr Autogenes Training und Progressive Muskelrelaxation<\/li>\n<li>2007 Psychodrama-Therapeutin<\/li>\n<li>5\/2016 Approbation zur Psychologischen Psychotherapeutin (Tiefenpsychologie) f\u00fcr Erwachsene (Einzel und Gruppe); Eintragung ins Arztregister der Kassen\u00e4rztlichen Vereinigung Bayern<\/li>\n<\/ul>\n<h3>Mitgliedschaft in Berufsverb\u00e4nden<\/h3>\n<ul>\n<li>Deutscher Fachverband f\u00fcr Psychodrama (DFP e.V.)<br \/>\n<span style=\"color: #ff6600;\"><a style=\"color: #ff6600;\" title=\"Deutscher Fachverband f\u00fcr Psychodrama\" href=\"http:\/\/www.psychodrama-deutschland.de\/\">www.psychodrama-deutschland.de<\/a><\/span><\/li>\n<li>Bayrische Psychotherapeutenkammer<br \/>\n<span style=\"color: #ff6600;\"><a style=\"color: #ff6600;\" href=\"http:\/\/www.ptk-bayern.de\">www.ptk-bayern.de<\/a><\/span><\/li>\n<li>Deutsche Psychotherapeutenvereinigung (DPtV)<br \/>\n<span style=\"color: #ff6600;\"><a style=\"color: #ff6600;\" title=\"Deutsche Psychotherapeutenvereinigung\" href=\"http:\/\/www.deutschepsychotherapeutenvereinigung.de\/\">www.deutschepsychotherapeutenvereinigung.de<\/a><\/span><\/li>\n<\/ul>\n<h4>Weitere Links<\/h4>\n<ul>\n<li><span style=\"color: #99cc00;\"><span style=\"color: #000000;\">Moreno Institut Edenkoben\/\u00dcberlingen<\/span><br \/>\n<\/span><span style=\"color: #ff6600;\"><a style=\"color: #ff6600;\" href=\"https:\/\/www.moreno-psychodrama.de\/weiterbildung\">www.moreno-psychodrama.de<\/a><\/span><\/li>\n<li><span style=\"color: #000000;\">Arbeitsgemeinschaft<\/span> tiefenpsychologisch fundierte Suchttherapie<\/li>\n<\/ul>\n<p><span style=\"color: #ff6600;\">\u00a0www.agtps.de<\/span><\/p>\n","protected":false},"excerpt":{"rendered":"<p>Ich bin 1976 in Jena (Th\u00fcringen) geboren. Ausbildung Grundstudium Diplom-Psychologie an der Friedrich-Schiller-Univerisit\u00e4t Jena Hauptstudium Diplom-Psychologie an der Universit\u00e4t Leipzig, Abschluss 2000 (Schwerpunktf\u00e4cher: P\u00e4dagogische und Klinische Psychologie) Berufliche Erfahrungen 2000 &#8211; 2006\u00a0 Stationspsychologin, Klinik f\u00fcr Psychotherapie und Psychosomatische Medizin &#8222;Am Sch\u00f6nen Moos&#8220; in Bad Saulgau 2008 &#8211; 2011 selbst\u00e4ndige Klinische Psychologin und Psychodrama-Therapeutin, Hong Kong\/China [&hellip;]<\/p>\n","protected":false},"author":1,"featured_media":215,"parent":0,"menu_order":6,"comment_status":"closed","ping_status":"closed","template":"","meta":[],"yoast_head":"<!-- This site is optimized with the Yoast SEO plugin v19.3 - https:\/\/yoast.com\/wordpress\/plugins\/seo\/ -->\n<title>Lebenslauf - Dipl.-Psych. Claudia Otto<\/title>\n<meta name=\"robots\" content=\"index, follow, max-snippet:-1, max-image-preview:large, max-video-preview:-1\" \/>\n<link rel=\"canonical\" href=\"http:\/\/www.psychotherapy-otto.com\/de\/lebenslauf\/\" \/>\n<meta property=\"og:locale\" content=\"de_DE\" \/>\n<meta property=\"og:type\" content=\"article\" \/>\n<meta property=\"og:title\" content=\"Lebenslauf - Dipl.-Psych. Claudia Otto\" \/>\n<meta property=\"og:description\" content=\"Ich bin 1976 in Jena (Th\u00fcringen) geboren. Ausbildung Grundstudium Diplom-Psychologie an der Friedrich-Schiller-Univerisit\u00e4t Jena Hauptstudium Diplom-Psychologie an der Universit\u00e4t Leipzig, Abschluss 2000 (Schwerpunktf\u00e4cher: P\u00e4dagogische und Klinische Psychologie) Berufliche Erfahrungen 2000 &#8211; 2006\u00a0 Stationspsychologin, Klinik f\u00fcr Psychotherapie und Psychosomatische Medizin &#8222;Am Sch\u00f6nen Moos&#8220; in Bad Saulgau 2008 &#8211; 2011 selbst\u00e4ndige Klinische Psychologin und Psychodrama-Therapeutin, Hong Kong\/China [&hellip;]\" \/>\n<meta property=\"og:url\" content=\"http:\/\/www.psychotherapy-otto.com\/de\/lebenslauf\/\" \/>\n<meta property=\"og:site_name\" content=\"Dipl.-Psych. Claudia Otto\" \/>\n<meta property=\"article:modified_time\" content=\"2024-10-13T18:44:02+00:00\" \/>\n<meta property=\"og:image\" content=\"http:\/\/www.psychotherapy-otto.com\/de\/wp-content\/uploads\/2014\/09\/AboutMe2.jpg\" \/>\n\t<meta property=\"og:image:width\" content=\"1600\" \/>\n\t<meta property=\"og:image:height\" content=\"450\" \/>\n\t<meta property=\"og:image:type\" content=\"image\/jpeg\" \/>\n<meta name=\"twitter:card\" content=\"summary_large_image\" \/>\n<meta name=\"twitter:label1\" content=\"Gesch\u00e4tzte Lesezeit\" \/>\n\t<meta name=\"twitter:data1\" content=\"2\u00a0Minuten\" \/>\n<script type=\"application\/ld+json\" class=\"yoast-schema-graph\">{\"@context\":\"https:\/\/schema.org\",\"@graph\":[{\"@type\":\"WebSite\",\"@id\":\"http:\/\/mail.psychotherapy-otto.com\/de\/#website\",\"url\":\"http:\/\/mail.psychotherapy-otto.com\/de\/\",\"name\":\"Dipl.-Psych. Claudia Otto\",\"description\":\"Psychologische Psychotherapeutin &amp; Psychodrama-Therapeutin\",\"potentialAction\":[{\"@type\":\"SearchAction\",\"target\":{\"@type\":\"EntryPoint\",\"urlTemplate\":\"http:\/\/mail.psychotherapy-otto.com\/de\/?s={search_term_string}\"},\"query-input\":\"required name=search_term_string\"}],\"inLanguage\":\"de\"},{\"@type\":\"ImageObject\",\"inLanguage\":\"de\",\"@id\":\"http:\/\/www.psychotherapy-otto.com\/de\/lebenslauf\/#primaryimage\",\"url\":\"https:\/\/www.dev.psychotherapy-otto.com\/de\/wp-content\/uploads\/2014\/09\/AboutMe2.jpg\",\"contentUrl\":\"https:\/\/www.dev.psychotherapy-otto.com\/de\/wp-content\/uploads\/2014\/09\/AboutMe2.jpg\",\"width\":1600,\"height\":450},{\"@type\":\"WebPage\",\"@id\":\"http:\/\/www.psychotherapy-otto.com\/de\/lebenslauf\/\",\"url\":\"http:\/\/www.psychotherapy-otto.com\/de\/lebenslauf\/\",\"name\":\"Lebenslauf - Dipl.-Psych. Claudia Otto\",\"isPartOf\":{\"@id\":\"http:\/\/mail.psychotherapy-otto.com\/de\/#website\"},\"primaryImageOfPage\":{\"@id\":\"http:\/\/www.psychotherapy-otto.com\/de\/lebenslauf\/#primaryimage\"},\"datePublished\":\"2014-09-01T19:29:53+00:00\",\"dateModified\":\"2024-10-13T18:44:02+00:00\",\"breadcrumb\":{\"@id\":\"http:\/\/www.psychotherapy-otto.com\/de\/lebenslauf\/#breadcrumb\"},\"inLanguage\":\"de\",\"potentialAction\":[{\"@type\":\"ReadAction\",\"target\":[\"http:\/\/www.psychotherapy-otto.com\/de\/lebenslauf\/\"]}]},{\"@type\":\"BreadcrumbList\",\"@id\":\"http:\/\/www.psychotherapy-otto.com\/de\/lebenslauf\/#breadcrumb\",\"itemListElement\":[{\"@type\":\"ListItem\",\"position\":1,\"name\":\"Startseite\",\"item\":\"http:\/\/mail.psychotherapy-otto.com\/de\/\"},{\"@type\":\"ListItem\",\"position\":2,\"name\":\"Lebenslauf\"}]}]}<\/script>\n<!-- \/ Yoast SEO plugin. -->","yoast_head_json":{"title":"Lebenslauf - Dipl.-Psych. Claudia Otto","robots":{"index":"index","follow":"follow","max-snippet":"max-snippet:-1","max-image-preview":"max-image-preview:large","max-video-preview":"max-video-preview:-1"},"canonical":"http:\/\/www.psychotherapy-otto.com\/de\/lebenslauf\/","og_locale":"de_DE","og_type":"article","og_title":"Lebenslauf - Dipl.-Psych. Claudia Otto","og_description":"Ich bin 1976 in Jena (Th\u00fcringen) geboren. Ausbildung Grundstudium Diplom-Psychologie an der Friedrich-Schiller-Univerisit\u00e4t Jena Hauptstudium Diplom-Psychologie an der Universit\u00e4t Leipzig, Abschluss 2000 (Schwerpunktf\u00e4cher: P\u00e4dagogische und Klinische Psychologie) Berufliche Erfahrungen 2000 &#8211; 2006\u00a0 Stationspsychologin, Klinik f\u00fcr Psychotherapie und Psychosomatische Medizin &#8222;Am Sch\u00f6nen Moos&#8220; in Bad Saulgau 2008 &#8211; 2011 selbst\u00e4ndige Klinische Psychologin und Psychodrama-Therapeutin, Hong Kong\/China [&hellip;]","og_url":"http:\/\/www.psychotherapy-otto.com\/de\/lebenslauf\/","og_site_name":"Dipl.-Psych. Claudia Otto","article_modified_time":"2024-10-13T18:44:02+00:00","og_image":[{"width":1600,"height":450,"url":"http:\/\/www.psychotherapy-otto.com\/de\/wp-content\/uploads\/2014\/09\/AboutMe2.jpg","type":"image\/jpeg"}],"twitter_card":"summary_large_image","twitter_misc":{"Gesch\u00e4tzte Lesezeit":"2\u00a0Minuten"},"schema":{"@context":"https:\/\/schema.org","@graph":[{"@type":"WebSite","@id":"http:\/\/mail.psychotherapy-otto.com\/de\/#website","url":"http:\/\/mail.psychotherapy-otto.com\/de\/","name":"Dipl.-Psych. Claudia Otto","description":"Psychologische Psychotherapeutin &amp; Psychodrama-Therapeutin","potentialAction":[{"@type":"SearchAction","target":{"@type":"EntryPoint","urlTemplate":"http:\/\/mail.psychotherapy-otto.com\/de\/?s={search_term_string}"},"query-input":"required name=search_term_string"}],"inLanguage":"de"},{"@type":"ImageObject","inLanguage":"de","@id":"http:\/\/www.psychotherapy-otto.com\/de\/lebenslauf\/#primaryimage","url":"https:\/\/www.dev.psychotherapy-otto.com\/de\/wp-content\/uploads\/2014\/09\/AboutMe2.jpg","contentUrl":"https:\/\/www.dev.psychotherapy-otto.com\/de\/wp-content\/uploads\/2014\/09\/AboutMe2.jpg","width":1600,"height":450},{"@type":"WebPage","@id":"http:\/\/www.psychotherapy-otto.com\/de\/lebenslauf\/","url":"http:\/\/www.psychotherapy-otto.com\/de\/lebenslauf\/","name":"Lebenslauf - Dipl.-Psych. Claudia Otto","isPartOf":{"@id":"http:\/\/mail.psychotherapy-otto.com\/de\/#website"},"primaryImageOfPage":{"@id":"http:\/\/www.psychotherapy-otto.com\/de\/lebenslauf\/#primaryimage"},"datePublished":"2014-09-01T19:29:53+00:00","dateModified":"2024-10-13T18:44:02+00:00","breadcrumb":{"@id":"http:\/\/www.psychotherapy-otto.com\/de\/lebenslauf\/#breadcrumb"},"inLanguage":"de","potentialAction":[{"@type":"ReadAction","target":["http:\/\/www.psychotherapy-otto.com\/de\/lebenslauf\/"]}]},{"@type":"BreadcrumbList","@id":"http:\/\/www.psychotherapy-otto.com\/de\/lebenslauf\/#breadcrumb","itemListElement":[{"@type":"ListItem","position":1,"name":"Startseite","item":"http:\/\/mail.psychotherapy-otto.com\/de\/"},{"@type":"ListItem","position":2,"name":"Lebenslauf"}]}]}},"_links":{"self":[{"href":"https:\/\/www.dev.psychotherapy-otto.com\/de\/wp-json\/wp\/v2\/pages\/23"}],"collection":[{"href":"https:\/\/www.dev.psychotherapy-otto.com\/de\/wp-json\/wp\/v2\/pages"}],"about":[{"href":"https:\/\/www.dev.psychotherapy-otto.com\/de\/wp-json\/wp\/v2\/types\/page"}],"author":[{"embeddable":true,"href":"https:\/\/www.dev.psychotherapy-otto.com\/de\/wp-json\/wp\/v2\/users\/1"}],"replies":[{"embeddable":true,"href":"https:\/\/www.dev.psychotherapy-otto.com\/de\/wp-json\/wp\/v2\/comments?post=23"}],"version-history":[{"count":43,"href":"https:\/\/www.dev.psychotherapy-otto.com\/de\/wp-json\/wp\/v2\/pages\/23\/revisions"}],"predecessor-version":[{"id":501,"href":"https:\/\/www.dev.psychotherapy-otto.com\/de\/wp-json\/wp\/v2\/pages\/23\/revisions\/501"}],"wp:featuredmedia":[{"embeddable":true,"href":"https:\/\/www.dev.psychotherapy-otto.com\/de\/wp-json\/wp\/v2\/media\/215"}],"wp:attachment":[{"href":"https:\/\/www.dev.psychotherapy-otto.com\/de\/wp-json\/wp\/v2\/media?parent=23"}],"curies":[{"name":"wp","href":"https:\/\/api.w.org\/{rel}","templated":true}]}}