{"id":29,"date":"2014-09-01T21:33:17","date_gmt":"2014-09-01T19:33:17","guid":{"rendered":"http:\/\/dev.psychotherapy-otto.com\/?page_id=29"},"modified":"2023-02-14T22:22:53","modified_gmt":"2023-02-14T20:22:53","slug":"kontakt","status":"publish","type":"page","link":"https:\/\/www.dev.psychotherapy-otto.com\/de\/kontakt\/","title":{"rendered":"Kontakt &#038; Termine"},"content":{"rendered":"<p><b><span style=\"font-size: medium;\">Dipl.-Psych. Claudia Otto<\/span><\/b><br \/>\nPsychologische Psychotherapeutin (TP), Psychodrama-Therapeutin<\/p>\n<p>Agnes-Bernauer- Str. 126<br \/>\n80687 M\u00fcnchen<\/p>\n<p><i class=\"wpvigen wpvigen-phone\"><span style=\"color: transparent; display: none;\">icon-phone<\/span><\/i>0176 \/ 552 390 19<br \/>\n<i class=\"wpvigen wpvigen-mail\"><span style=\"color: transparent; display: none;\">icon-<\/span><\/i>praxis@psychotherapy-otto.com<\/p>\n<h4>Kontaktaufnahme per E-Mail<\/h4>\n<p>Ich weise darauf hin, dass die Daten\u00fcbertragung im Internet Sicherheitsl\u00fccken aufweisen kann. Ein l\u00fcckenloser Schutz der Daten vor dem Zugriff durch Dritte ist nicht m\u00f6glich. Sollten Sie \u00fcber E-Mail Kontakt mit mir aufnehmen, erfolgt die Verarbeitung Ihrer Daten aufgrund Ihrer freiwillig erteilten Einwilligung gem\u00e4\u00df Artikel 6 Abs 1 Satz 1 lit a DSGVO. Die Angabe Ihrer g\u00fcltigen E-Mail Adresse ist erforderlich, um Ihre Anfrage beantworten zu k\u00f6nnen. Diese Daten und Ihre Nachricht werden nur zur Bearbeitung und Beantwortung Ihrer Anfrage gespeichert. Die Daten werden gel\u00f6scht, sobald sie nicht mehr erforderlich sind und keine gesetzliche Aufbewahrungspflicht besteht. Eine Weitergabe an Dritte erfolgt nicht. Bitte schreiben Sie keine vertraulichen Informationen, insbesondere Gesundheitsdaten in eine E-Mail, sondern nutzen Sie diese nur zur ersten Kontaktaufnahme.<\/p>\n<div id=\"flxmap-69d4c9553227b\" class='flxmap-container' data-flxmap='flxmap_69d4c9553227b' style=\"width:100%;height:400px;\"><\/div>\n<div id='flxmap-69d4c9553227b-dir' class='flxmap-directions'><\/div>\n<script data-noptimize=\"1\">\n\/* <![CDATA[ *\/\n(function(w, fn) {\n if (w.addEventListener) w.addEventListener(\"DOMContentLoaded\", fn, false);\n else if (w.attachEvent) w.attachEvent(\"onload\", fn);\n})(window, function() {\n var f = new FlexibleMap();\n f.panControl = true;\n f.markerDirections = true;\n f.markerDirectionsDiv = \"flxmap-69d4c9553227b-dir\";\n f.region = \"de\";\n f.setlocale(\"de-DE\");\n f.markerTitle = \"Psychotherapie Otto\";\n f.showMarker(\"flxmap-69d4c9553227b\", [48.14032724669029, 11.495362998404225], [48.14032724669029,11.495362998404225]);\n window.flxmap_69d4c9553227b = f;\n});\n\/* ]]> *\/\n<\/script>\n\n","protected":false},"excerpt":{"rendered":"<p>Dipl.-Psych. Claudia Otto Psychologische Psychotherapeutin (TP), Psychodrama-Therapeutin Agnes-Bernauer- Str. 126 80687 M\u00fcnchen icon-phone0176 \/ 552 390 19 icon-praxis@psychotherapy-otto.com Kontaktaufnahme per E-Mail Ich weise darauf hin, dass die Daten\u00fcbertragung im Internet Sicherheitsl\u00fccken aufweisen kann. Ein l\u00fcckenloser Schutz der Daten vor dem Zugriff durch Dritte ist nicht m\u00f6glich. Sollten Sie \u00fcber E-Mail Kontakt mit mir aufnehmen, erfolgt [&hellip;]<\/p>\n","protected":false},"author":1,"featured_media":0,"parent":0,"menu_order":8,"comment_status":"closed","ping_status":"closed","template":"","meta":[],"yoast_head":"<!-- This site is optimized with the Yoast SEO plugin v19.3 - https:\/\/yoast.com\/wordpress\/plugins\/seo\/ -->\n<title>Kontakt &amp; Termine - Dipl.-Psych. Claudia Otto<\/title>\n<meta name=\"robots\" content=\"index, follow, max-snippet:-1, max-image-preview:large, max-video-preview:-1\" \/>\n<link rel=\"canonical\" href=\"http:\/\/psychotherapy-otto.com\/de\/kontakt\/\" \/>\n<meta property=\"og:locale\" content=\"de_DE\" \/>\n<meta property=\"og:type\" content=\"article\" \/>\n<meta property=\"og:title\" content=\"Kontakt &amp; Termine - Dipl.-Psych. Claudia Otto\" \/>\n<meta property=\"og:description\" content=\"Dipl.-Psych. Claudia Otto Psychologische Psychotherapeutin (TP), Psychodrama-Therapeutin Agnes-Bernauer- Str. 126 80687 M\u00fcnchen icon-phone0176 \/ 552 390 19 icon-praxis@psychotherapy-otto.com Kontaktaufnahme per E-Mail Ich weise darauf hin, dass die Daten\u00fcbertragung im Internet Sicherheitsl\u00fccken aufweisen kann. Ein l\u00fcckenloser Schutz der Daten vor dem Zugriff durch Dritte ist nicht m\u00f6glich. Sollten Sie \u00fcber E-Mail Kontakt mit mir aufnehmen, erfolgt [&hellip;]\" \/>\n<meta property=\"og:url\" content=\"http:\/\/psychotherapy-otto.com\/de\/kontakt\/\" \/>\n<meta property=\"og:site_name\" content=\"Dipl.-Psych. Claudia Otto\" \/>\n<meta property=\"article:modified_time\" content=\"2023-02-14T20:22:53+00:00\" \/>\n<meta name=\"twitter:card\" content=\"summary_large_image\" \/>\n<meta name=\"twitter:label1\" content=\"Gesch\u00e4tzte Lesezeit\" \/>\n\t<meta name=\"twitter:data1\" content=\"1\u00a0Minute\" \/>\n<script type=\"application\/ld+json\" class=\"yoast-schema-graph\">{\"@context\":\"https:\/\/schema.org\",\"@graph\":[{\"@type\":\"WebSite\",\"@id\":\"http:\/\/mail.psychotherapy-otto.com\/de\/#website\",\"url\":\"http:\/\/mail.psychotherapy-otto.com\/de\/\",\"name\":\"Dipl.-Psych. Claudia Otto\",\"description\":\"Psychologische Psychotherapeutin &amp; Psychodrama-Therapeutin\",\"potentialAction\":[{\"@type\":\"SearchAction\",\"target\":{\"@type\":\"EntryPoint\",\"urlTemplate\":\"http:\/\/mail.psychotherapy-otto.com\/de\/?s={search_term_string}\"},\"query-input\":\"required name=search_term_string\"}],\"inLanguage\":\"de\"},{\"@type\":\"WebPage\",\"@id\":\"http:\/\/psychotherapy-otto.com\/de\/kontakt\/\",\"url\":\"http:\/\/psychotherapy-otto.com\/de\/kontakt\/\",\"name\":\"Kontakt & Termine - Dipl.-Psych. Claudia Otto\",\"isPartOf\":{\"@id\":\"http:\/\/mail.psychotherapy-otto.com\/de\/#website\"},\"datePublished\":\"2014-09-01T19:33:17+00:00\",\"dateModified\":\"2023-02-14T20:22:53+00:00\",\"breadcrumb\":{\"@id\":\"http:\/\/psychotherapy-otto.com\/de\/kontakt\/#breadcrumb\"},\"inLanguage\":\"de\",\"potentialAction\":[{\"@type\":\"ReadAction\",\"target\":[\"http:\/\/psychotherapy-otto.com\/de\/kontakt\/\"]}]},{\"@type\":\"BreadcrumbList\",\"@id\":\"http:\/\/psychotherapy-otto.com\/de\/kontakt\/#breadcrumb\",\"itemListElement\":[{\"@type\":\"ListItem\",\"position\":1,\"name\":\"Startseite\",\"item\":\"http:\/\/mail.psychotherapy-otto.com\/de\/\"},{\"@type\":\"ListItem\",\"position\":2,\"name\":\"Kontakt &#038; Termine\"}]}]}<\/script>\n<!-- \/ Yoast SEO plugin. -->","yoast_head_json":{"title":"Kontakt & Termine - Dipl.-Psych. Claudia Otto","robots":{"index":"index","follow":"follow","max-snippet":"max-snippet:-1","max-image-preview":"max-image-preview:large","max-video-preview":"max-video-preview:-1"},"canonical":"http:\/\/psychotherapy-otto.com\/de\/kontakt\/","og_locale":"de_DE","og_type":"article","og_title":"Kontakt & Termine - Dipl.-Psych. Claudia Otto","og_description":"Dipl.-Psych. Claudia Otto Psychologische Psychotherapeutin (TP), Psychodrama-Therapeutin Agnes-Bernauer- Str. 126 80687 M\u00fcnchen icon-phone0176 \/ 552 390 19 icon-praxis@psychotherapy-otto.com Kontaktaufnahme per E-Mail Ich weise darauf hin, dass die Daten\u00fcbertragung im Internet Sicherheitsl\u00fccken aufweisen kann. Ein l\u00fcckenloser Schutz der Daten vor dem Zugriff durch Dritte ist nicht m\u00f6glich. Sollten Sie \u00fcber E-Mail Kontakt mit mir aufnehmen, erfolgt [&hellip;]","og_url":"http:\/\/psychotherapy-otto.com\/de\/kontakt\/","og_site_name":"Dipl.-Psych. Claudia Otto","article_modified_time":"2023-02-14T20:22:53+00:00","twitter_card":"summary_large_image","twitter_misc":{"Gesch\u00e4tzte Lesezeit":"1\u00a0Minute"},"schema":{"@context":"https:\/\/schema.org","@graph":[{"@type":"WebSite","@id":"http:\/\/mail.psychotherapy-otto.com\/de\/#website","url":"http:\/\/mail.psychotherapy-otto.com\/de\/","name":"Dipl.-Psych. Claudia Otto","description":"Psychologische Psychotherapeutin &amp; Psychodrama-Therapeutin","potentialAction":[{"@type":"SearchAction","target":{"@type":"EntryPoint","urlTemplate":"http:\/\/mail.psychotherapy-otto.com\/de\/?s={search_term_string}"},"query-input":"required name=search_term_string"}],"inLanguage":"de"},{"@type":"WebPage","@id":"http:\/\/psychotherapy-otto.com\/de\/kontakt\/","url":"http:\/\/psychotherapy-otto.com\/de\/kontakt\/","name":"Kontakt & Termine - Dipl.-Psych. Claudia Otto","isPartOf":{"@id":"http:\/\/mail.psychotherapy-otto.com\/de\/#website"},"datePublished":"2014-09-01T19:33:17+00:00","dateModified":"2023-02-14T20:22:53+00:00","breadcrumb":{"@id":"http:\/\/psychotherapy-otto.com\/de\/kontakt\/#breadcrumb"},"inLanguage":"de","potentialAction":[{"@type":"ReadAction","target":["http:\/\/psychotherapy-otto.com\/de\/kontakt\/"]}]},{"@type":"BreadcrumbList","@id":"http:\/\/psychotherapy-otto.com\/de\/kontakt\/#breadcrumb","itemListElement":[{"@type":"ListItem","position":1,"name":"Startseite","item":"http:\/\/mail.psychotherapy-otto.com\/de\/"},{"@type":"ListItem","position":2,"name":"Kontakt &#038; Termine"}]}]}},"_links":{"self":[{"href":"https:\/\/www.dev.psychotherapy-otto.com\/de\/wp-json\/wp\/v2\/pages\/29"}],"collection":[{"href":"https:\/\/www.dev.psychotherapy-otto.com\/de\/wp-json\/wp\/v2\/pages"}],"about":[{"href":"https:\/\/www.dev.psychotherapy-otto.com\/de\/wp-json\/wp\/v2\/types\/page"}],"author":[{"embeddable":true,"href":"https:\/\/www.dev.psychotherapy-otto.com\/de\/wp-json\/wp\/v2\/users\/1"}],"replies":[{"embeddable":true,"href":"https:\/\/www.dev.psychotherapy-otto.com\/de\/wp-json\/wp\/v2\/comments?post=29"}],"version-history":[{"count":25,"href":"https:\/\/www.dev.psychotherapy-otto.com\/de\/wp-json\/wp\/v2\/pages\/29\/revisions"}],"predecessor-version":[{"id":371,"href":"https:\/\/www.dev.psychotherapy-otto.com\/de\/wp-json\/wp\/v2\/pages\/29\/revisions\/371"}],"wp:attachment":[{"href":"https:\/\/www.dev.psychotherapy-otto.com\/de\/wp-json\/wp\/v2\/media?parent=29"}],"curies":[{"name":"wp","href":"https:\/\/api.w.org\/{rel}","templated":true}]}}